{"id":1043,"date":"2026-05-11T18:14:30","date_gmt":"2026-05-11T18:14:30","guid":{"rendered":"https:\/\/fatoumata.danso.mmi-velizy.fr\/skinrestBackup2\/?page_id=1043"},"modified":"2026-05-12T14:39:16","modified_gmt":"2026-05-12T14:39:16","slug":"recette_diy","status":"publish","type":"page","link":"https:\/\/fatoumata.danso.mmi-velizy.fr\/skinrestBackup2\/recette_diy\/","title":{"rendered":"Le grimoire DIY"},"content":{"rendered":"<style>.kb-row-layout-id1043_edd85a-1d > .kt-row-column-wrap{align-content:start;}:where(.kb-row-layout-id1043_edd85a-1d > .kt-row-column-wrap) > .wp-block-kadence-column{justify-content:start;}.kb-row-layout-id1043_edd85a-1d > .kt-row-column-wrap{column-gap:var(--global-kb-gap-md, 2rem);row-gap:var(--global-kb-gap-md, 2rem);padding-top:var(--global-kb-spacing-sm, 1.5rem);padding-bottom:var(--global-kb-spacing-sm, 1.5rem);grid-template-columns:repeat(2, minmax(0, 1fr));}.kb-row-layout-id1043_edd85a-1d{border-top-left-radius:0px;}.kb-row-layout-id1043_edd85a-1d > .kt-row-layout-overlay{opacity:0.30;}@media all and (max-width: 1024px){.kb-row-layout-id1043_edd85a-1d > .kt-row-column-wrap{grid-template-columns:repeat(2, minmax(0, 1fr));}}@media all and (max-width: 767px){.kb-row-layout-id1043_edd85a-1d > .kt-row-column-wrap{grid-template-columns:minmax(0, 1fr);}}<\/style><div class=\"kb-row-layout-wrap kb-row-layout-id1043_edd85a-1d alignnone wp-block-kadence-rowlayout\"><div class=\"kt-row-column-wrap kt-has-2-columns kt-row-layout-equal kt-tab-layout-inherit kt-mobile-layout-row kt-row-valign-top\">\n<style>.kadence-column1043_ccdd53-81 > .kt-inside-inner-col,.kadence-column1043_ccdd53-81 > .kt-inside-inner-col:before{border-top-left-radius:0px;border-top-right-radius:0px;border-bottom-right-radius:0px;border-bottom-left-radius:0px;}.kadence-column1043_ccdd53-81 > .kt-inside-inner-col{column-gap:var(--global-kb-gap-sm, 1rem);}.kadence-column1043_ccdd53-81 > .kt-inside-inner-col{flex-direction:column;}.kadence-column1043_ccdd53-81 > .kt-inside-inner-col > .aligncenter{width:100%;}.kadence-column1043_ccdd53-81 > .kt-inside-inner-col:before{opacity:0.3;}.kadence-column1043_ccdd53-81{position:relative;}@media all and (max-width: 1024px){.kadence-column1043_ccdd53-81 > .kt-inside-inner-col{flex-direction:column;justify-content:center;}}@media all and (max-width: 767px){.kadence-column1043_ccdd53-81 > .kt-inside-inner-col{flex-direction:column;justify-content:center;}}<\/style>\n<div class=\"wp-block-kadence-column kadence-column1043_ccdd53-81\"><div class=\"kt-inside-inner-col\">\n<h2 class=\"wp-block-heading\">Expert de la skincare<\/h2>\n\n\n<style>.wp-block-kadence-advancedheading.kt-adv-heading1043_6fca4f-15, .wp-block-kadence-advancedheading.kt-adv-heading1043_6fca4f-15[data-kb-block=\"kb-adv-heading1043_6fca4f-15\"]{font-style:normal;}.wp-block-kadence-advancedheading.kt-adv-heading1043_6fca4f-15 mark.kt-highlight, .wp-block-kadence-advancedheading.kt-adv-heading1043_6fca4f-15[data-kb-block=\"kb-adv-heading1043_6fca4f-15\"] mark.kt-highlight{font-style:normal;color:#f76a0c;-webkit-box-decoration-break:clone;box-decoration-break:clone;padding-top:0px;padding-right:0px;padding-bottom:0px;padding-left:0px;}.wp-block-kadence-advancedheading.kt-adv-heading1043_6fca4f-15 img.kb-inline-image, .wp-block-kadence-advancedheading.kt-adv-heading1043_6fca4f-15[data-kb-block=\"kb-adv-heading1043_6fca4f-15\"] img.kb-inline-image{width:150px;vertical-align:baseline;}<\/style>\n<p class=\"kt-adv-heading1043_6fca4f-15 wp-block-kadence-advancedheading\" data-kb-block=\"kb-adv-heading1043_6fca4f-15\"><\/p>\n<\/div><\/div>\n\n\n<style>.kadence-column1043_f69842-d1 > .kt-inside-inner-col,.kadence-column1043_f69842-d1 > .kt-inside-inner-col:before{border-top-left-radius:0px;border-top-right-radius:0px;border-bottom-right-radius:0px;border-bottom-left-radius:0px;}.kadence-column1043_f69842-d1 > .kt-inside-inner-col{column-gap:var(--global-kb-gap-sm, 1rem);}.kadence-column1043_f69842-d1 > .kt-inside-inner-col{flex-direction:column;}.kadence-column1043_f69842-d1 > .kt-inside-inner-col > .aligncenter{width:100%;}.kadence-column1043_f69842-d1 > .kt-inside-inner-col:before{opacity:0.3;}.kadence-column1043_f69842-d1{position:relative;}@media all and (max-width: 1024px){.kadence-column1043_f69842-d1 > .kt-inside-inner-col{flex-direction:column;justify-content:center;}}@media all and (max-width: 767px){.kadence-column1043_f69842-d1 > .kt-inside-inner-col{flex-direction:column;justify-content:center;}}<\/style>\n<div class=\"wp-block-kadence-column kadence-column1043_f69842-d1\"><div class=\"kt-inside-inner-col\"><style>.wp-block-kadence-advancedheading.kt-adv-heading1043_ebc954-44, .wp-block-kadence-advancedheading.kt-adv-heading1043_ebc954-44[data-kb-block=\"kb-adv-heading1043_ebc954-44\"]{font-weight:400;font-style:normal;}.wp-block-kadence-advancedheading.kt-adv-heading1043_ebc954-44 mark.kt-highlight, .wp-block-kadence-advancedheading.kt-adv-heading1043_ebc954-44[data-kb-block=\"kb-adv-heading1043_ebc954-44\"] mark.kt-highlight{font-style:normal;color:#f76a0c;-webkit-box-decoration-break:clone;box-decoration-break:clone;padding-top:0px;padding-right:0px;padding-bottom:0px;padding-left:0px;}.wp-block-kadence-advancedheading.kt-adv-heading1043_ebc954-44 img.kb-inline-image, .wp-block-kadence-advancedheading.kt-adv-heading1043_ebc954-44[data-kb-block=\"kb-adv-heading1043_ebc954-44\"] img.kb-inline-image{width:150px;vertical-align:baseline;}<\/style>\n<p class=\"kt-adv-heading1043_ebc954-44 wp-block-kadence-advancedheading\" data-kb-block=\"kb-adv-heading1043_ebc954-44\">R\u00e9v\u00e9lez le meilleur de votre peau<strong>.<\/strong> Imperfections, taches pigmentaires ou rides pr\u00e9coces : b\u00e9n\u00e9ficiez de conseils d&rsquo;experts et de solutions personnalis\u00e9es pour chaque besoin de votre \u00e9piderme.<\/p>\n<\/div><\/div>\n\n<\/div><\/div>\n\n<style>.wp-block-kadence-advancedbtn.kb-btns1043_be5def-f0{gap:var(--global-kb-gap-xs, 0.5rem );justify-content:center;align-items:center;}.kt-btns1043_be5def-f0 .kt-button{font-weight:normal;font-style:normal;}.kt-btns1043_be5def-f0 .kt-btn-wrap-0{margin-right:5px;}.wp-block-kadence-advancedbtn.kt-btns1043_be5def-f0 .kt-btn-wrap-0 .kt-button{color:#555555;border-color:#555555;}.wp-block-kadence-advancedbtn.kt-btns1043_be5def-f0 .kt-btn-wrap-0 .kt-button:hover, .wp-block-kadence-advancedbtn.kt-btns1043_be5def-f0 .kt-btn-wrap-0 .kt-button:focus{color:#ffffff;border-color:#444444;}.wp-block-kadence-advancedbtn.kt-btns1043_be5def-f0 .kt-btn-wrap-0 .kt-button::before{display:none;}.wp-block-kadence-advancedbtn.kt-btns1043_be5def-f0 .kt-btn-wrap-0 .kt-button:hover, .wp-block-kadence-advancedbtn.kt-btns1043_be5def-f0 .kt-btn-wrap-0 .kt-button:focus{background:#444444;}<\/style>\n<div class=\"wp-block-kadence-advancedbtn kb-buttons-wrap kb-btns1043_be5def-f0\"><style>ul.menu .wp-block-kadence-advancedbtn .kb-btn1043_2c873a-9f.kb-button{width:initial;}<\/style><span class=\"kb-button kt-button button kb-btn1043_2c873a-9f kt-btn-size-standard kt-btn-width-type-auto kb-btn-global-fill  kt-btn-has-text-true kt-btn-has-svg-false  wp-block-kadence-singlebtn\"><span class=\"kt-btn-inner-text\">Tous les Articles<\/span><\/span>\n\n<style>ul.menu .wp-block-kadence-advancedbtn .kb-btn1043_8a1c38-30.kb-button{width:initial;}<\/style><span class=\"kb-button kt-button button kb-btn1043_8a1c38-30 kt-btn-size-standard kt-btn-width-type-auto kb-btn-global-fill  kt-btn-has-text-true kt-btn-has-svg-false  wp-block-kadence-singlebtn\"><span class=\"kt-btn-inner-text\">Les Grimoire DIY&rsquo;s<\/span><\/span>\n\n<style>ul.menu .wp-block-kadence-advancedbtn .kb-btn1043_0c3981-9a.kb-button{width:initial;}<\/style><span class=\"kb-button kt-button button kb-btn1043_0c3981-9a kt-btn-size-standard kt-btn-width-type-auto kb-btn-global-fill  kt-btn-has-text-true kt-btn-has-svg-false  wp-block-kadence-singlebtn\"><span class=\"kt-btn-inner-text\">Les Principes Actifs<\/span><\/span><\/div>\n\n\n<style>.kadence-column1043_2e1f21-5a > .kt-inside-inner-col{display:flex;}.kadence-column1043_2e1f21-5a > .kt-inside-inner-col,.kadence-column1043_2e1f21-5a > .kt-inside-inner-col:before{border-top-left-radius:0px;border-top-right-radius:0px;border-bottom-right-radius:0px;border-bottom-left-radius:0px;}.kadence-column1043_2e1f21-5a > .kt-inside-inner-col{column-gap:var(--global-kb-gap-sm, 1rem);}.kadence-column1043_2e1f21-5a > .kt-inside-inner-col{flex-direction:row;flex-wrap:wrap;align-items:center;}.kadence-column1043_2e1f21-5a > .kt-inside-inner-col > *, .kadence-column1043_2e1f21-5a > .kt-inside-inner-col > figure.wp-block-image, .kadence-column1043_2e1f21-5a > .kt-inside-inner-col > figure.wp-block-kadence-image{margin-top:0px;margin-bottom:0px;}.kadence-column1043_2e1f21-5a > .kt-inside-inner-col > .kb-image-is-ratio-size{flex-grow:1;}.kadence-column1043_2e1f21-5a > .kt-inside-inner-col:before{opacity:0.3;}.kadence-column1043_2e1f21-5a{position:relative;}@media all and (max-width: 1024px){.kadence-column1043_2e1f21-5a > .kt-inside-inner-col{flex-direction:row;flex-wrap:wrap;align-items:center;}}@media all and (min-width: 768px) and (max-width: 1024px){.kadence-column1043_2e1f21-5a > .kt-inside-inner-col > *, .kadence-column1043_2e1f21-5a > .kt-inside-inner-col > figure.wp-block-image, .kadence-column1043_2e1f21-5a > .kt-inside-inner-col > figure.wp-block-kadence-image{margin-top:0px;margin-bottom:0px;}.kadence-column1043_2e1f21-5a > .kt-inside-inner-col > .kb-image-is-ratio-size{flex-grow:1;}}@media all and (max-width: 767px){.kadence-column1043_2e1f21-5a > .kt-inside-inner-col{flex-direction:row;flex-wrap:wrap;justify-content:flex-start;}.kadence-column1043_2e1f21-5a > .kt-inside-inner-col > *, .kadence-column1043_2e1f21-5a > .kt-inside-inner-col > figure.wp-block-image, .kadence-column1043_2e1f21-5a > .kt-inside-inner-col > figure.wp-block-kadence-image{margin-top:0px;margin-bottom:0px;}.kadence-column1043_2e1f21-5a > .kt-inside-inner-col > .kb-image-is-ratio-size{flex-grow:1;}}<\/style>\n<div class=\"wp-block-kadence-column kadence-column1043_2e1f21-5a kb-section-dir-horizontal\"><div class=\"kt-inside-inner-col\"><style>.kadence-column1043_ef1dcb-3a > .kt-inside-inner-col,.kadence-column1043_ef1dcb-3a > .kt-inside-inner-col:before{border-top-left-radius:0px;border-top-right-radius:0px;border-bottom-right-radius:0px;border-bottom-left-radius:0px;}.kadence-column1043_ef1dcb-3a > .kt-inside-inner-col{column-gap:var(--global-kb-gap-sm, 1rem);}.kadence-column1043_ef1dcb-3a > .kt-inside-inner-col{flex-direction:column;}.kadence-column1043_ef1dcb-3a > .kt-inside-inner-col > .aligncenter{width:100%;}.kadence-column1043_ef1dcb-3a > .kt-inside-inner-col:before{opacity:0.3;}.kadence-column1043_ef1dcb-3a{position:relative;}@media all and (max-width: 1024px){.kadence-column1043_ef1dcb-3a > .kt-inside-inner-col{flex-direction:column;justify-content:center;}}@media all and (max-width: 767px){.kadence-column1043_ef1dcb-3a > .kt-inside-inner-col{flex-direction:column;justify-content:center;}}<\/style>\n<div class=\"wp-block-kadence-column kadence-column1043_ef1dcb-3a\"><div class=\"kt-inside-inner-col\">\n<figure class=\"wp-block-image size-full\"><img fetchpriority=\"high\" decoding=\"async\" width=\"1200\" height=\"800\" src=\"https:\/\/fatoumata.danso.mmi-velizy.fr\/skinrestBackup2\/wp-content\/uploads\/2026\/04\/photography_3.jpg\" alt=\"\" class=\"wp-image-453\" srcset=\"https:\/\/fatoumata.danso.mmi-velizy.fr\/skinrestBackup2\/wp-content\/uploads\/2026\/04\/photography_3.jpg 1200w, https:\/\/fatoumata.danso.mmi-velizy.fr\/skinrestBackup2\/wp-content\/uploads\/2026\/04\/photography_3-800x533.jpg 800w, https:\/\/fatoumata.danso.mmi-velizy.fr\/skinrestBackup2\/wp-content\/uploads\/2026\/04\/photography_3-768x512.jpg 768w, https:\/\/fatoumata.danso.mmi-velizy.fr\/skinrestBackup2\/wp-content\/uploads\/2026\/04\/photography_3-80x53.jpg 80w, https:\/\/fatoumata.danso.mmi-velizy.fr\/skinrestBackup2\/wp-content\/uploads\/2026\/04\/photography_3-300x200.jpg 300w, https:\/\/fatoumata.danso.mmi-velizy.fr\/skinrestBackup2\/wp-content\/uploads\/2026\/04\/photography_3-600x400.jpg 600w\" sizes=\"(max-width: 1200px) 100vw, 1200px\" \/><\/figure>\n<\/div><\/div>\n\n\n<style>.kadence-column1043_ce7cc2-59 > .kt-inside-inner-col,.kadence-column1043_ce7cc2-59 > .kt-inside-inner-col:before{border-top-left-radius:0px;border-top-right-radius:0px;border-bottom-right-radius:0px;border-bottom-left-radius:0px;}.kadence-column1043_ce7cc2-59 > .kt-inside-inner-col{column-gap:var(--global-kb-gap-sm, 1rem);}.kadence-column1043_ce7cc2-59 > .kt-inside-inner-col{flex-direction:column;}.kadence-column1043_ce7cc2-59 > .kt-inside-inner-col > .aligncenter{width:100%;}.kadence-column1043_ce7cc2-59 > .kt-inside-inner-col:before{opacity:0.3;}.kadence-column1043_ce7cc2-59{position:relative;}@media all and (max-width: 1024px){.kadence-column1043_ce7cc2-59 > .kt-inside-inner-col{flex-direction:column;justify-content:center;}}@media all and (max-width: 767px){.kadence-column1043_ce7cc2-59 > .kt-inside-inner-col{flex-direction:column;justify-content:center;}}<\/style>\n<div class=\"wp-block-kadence-column kadence-column1043_ce7cc2-59\"><div class=\"kt-inside-inner-col\"><style>.wp-block-kadence-advancedheading.kt-adv-heading1043_68b5b0-f9, .wp-block-kadence-advancedheading.kt-adv-heading1043_68b5b0-f9[data-kb-block=\"kb-adv-heading1043_68b5b0-f9\"]{font-style:normal;}.wp-block-kadence-advancedheading.kt-adv-heading1043_68b5b0-f9 mark.kt-highlight, .wp-block-kadence-advancedheading.kt-adv-heading1043_68b5b0-f9[data-kb-block=\"kb-adv-heading1043_68b5b0-f9\"] mark.kt-highlight{font-style:normal;color:#f76a0c;-webkit-box-decoration-break:clone;box-decoration-break:clone;padding-top:0px;padding-right:0px;padding-bottom:0px;padding-left:0px;}.wp-block-kadence-advancedheading.kt-adv-heading1043_68b5b0-f9 img.kb-inline-image, .wp-block-kadence-advancedheading.kt-adv-heading1043_68b5b0-f9[data-kb-block=\"kb-adv-heading1043_68b5b0-f9\"] img.kb-inline-image{width:150px;vertical-align:baseline;}<\/style>\n<p class=\"kt-adv-heading1043_68b5b0-f9 wp-block-kadence-advancedheading\" data-kb-block=\"kb-adv-heading1043_68b5b0-f9\">ARTICLE HERE<\/p>\n<\/div><\/div>\n<\/div><\/div>\n\n\n\n<h2 class=\"wp-block-heading\" style=\"font-size:42px\">Recettes DIY<\/h2>\n\n\n<style>.kadence-column1043_a3aeeb-52 > .kt-inside-inner-col{display:flex;}.kadence-column1043_a3aeeb-52 > .kt-inside-inner-col,.kadence-column1043_a3aeeb-52 > .kt-inside-inner-col:before{border-top-left-radius:0px;border-top-right-radius:0px;border-bottom-right-radius:0px;border-bottom-left-radius:0px;}.kadence-column1043_a3aeeb-52 > .kt-inside-inner-col{column-gap:var(--global-kb-gap-sm, 1rem);}.kadence-column1043_a3aeeb-52 > .kt-inside-inner-col{flex-direction:row;flex-wrap:wrap;align-items:center;}.kadence-column1043_a3aeeb-52 > .kt-inside-inner-col > *, .kadence-column1043_a3aeeb-52 > .kt-inside-inner-col > figure.wp-block-image, .kadence-column1043_a3aeeb-52 > .kt-inside-inner-col > figure.wp-block-kadence-image{margin-top:0px;margin-bottom:0px;}.kadence-column1043_a3aeeb-52 > .kt-inside-inner-col > .kb-image-is-ratio-size{flex-grow:1;}.kadence-column1043_a3aeeb-52 > .kt-inside-inner-col:before{opacity:0.3;}.kadence-column1043_a3aeeb-52{position:relative;}@media all and (max-width: 1024px){.kadence-column1043_a3aeeb-52 > .kt-inside-inner-col{flex-direction:row;flex-wrap:wrap;align-items:center;}}@media all and (min-width: 768px) and (max-width: 1024px){.kadence-column1043_a3aeeb-52 > .kt-inside-inner-col > *, .kadence-column1043_a3aeeb-52 > .kt-inside-inner-col > figure.wp-block-image, .kadence-column1043_a3aeeb-52 > .kt-inside-inner-col > figure.wp-block-kadence-image{margin-top:0px;margin-bottom:0px;}.kadence-column1043_a3aeeb-52 > .kt-inside-inner-col > .kb-image-is-ratio-size{flex-grow:1;}}@media all and (max-width: 767px){.kadence-column1043_a3aeeb-52 > .kt-inside-inner-col{flex-direction:row;flex-wrap:wrap;justify-content:flex-start;}.kadence-column1043_a3aeeb-52 > .kt-inside-inner-col > *, .kadence-column1043_a3aeeb-52 > .kt-inside-inner-col > figure.wp-block-image, .kadence-column1043_a3aeeb-52 > .kt-inside-inner-col > figure.wp-block-kadence-image{margin-top:0px;margin-bottom:0px;}.kadence-column1043_a3aeeb-52 > .kt-inside-inner-col > .kb-image-is-ratio-size{flex-grow:1;}}<\/style>\n<div class=\"wp-block-kadence-column kadence-column1043_a3aeeb-52 kb-section-dir-horizontal\"><div class=\"kt-inside-inner-col\">\n<div class=\"wp-block-query is-layout-flow wp-block-query-is-layout-flow\"><ul class=\"columns-3 wp-block-post-template is-layout-grid wp-container-core-post-template-is-layout-2fc57c17 wp-block-post-template-is-layout-grid\"><li class=\"wp-block-post post-980 recette_diy type-recette_diy status-publish hentry category-recettes-diy tag-anti-age tag-bakuchiol tag-diy tag-huile-corps tag-rose-musquee probleme_cible-rides-et-ridules probleme_cible-secheresse type_peau-peau-mature type_peau-peau-seche\">\n\n<div class=\"wp-block-group\" style=\"padding-top:30px;padding-right:30px;padding-bottom:30px;padding-left:30px\"><div class=\"wp-block-group__inner-container is-layout-flow wp-block-group-is-layout-flow\"><h2 class=\"wp-block-post-title\"><a href=\"https:\/\/fatoumata.danso.mmi-velizy.fr\/skinrestBackup2\/recette_diy\/recette-diy-huile-corps-eclat-bakuchiol-rose-musquee\/\" target=\"_self\" >Recette DIY : Huile Corps \u00c9clat Bakuchiol &#038; Rose Musqu\u00e9e<\/a><\/h2>\n\n\n\n<div class=\"wp-block-post-excerpt\"><p class=\"wp-block-post-excerpt__excerpt\">L&rsquo;huile corps anti-\u00e2ge naturelle qui repulpe et illumine Cette huile corps luxueuse combine deux des actifs les plus puissants de la beaut\u00e9 naturelle. Le Bakuchiol pour son action r\u00e9tinol-like et l&rsquo;Huile de Rose Musqu\u00e9e pour sa richesse en om\u00e9gas r\u00e9g\u00e9n\u00e9rants. Un soin digne des grandes marques, fait maison. Ingr\u00e9dients 50ml d&rsquo;Huile de Rose Musqu\u00e9e MILA&#8230; <\/p><\/div>\n\n<div class=\"wp-block-post-date\"><time datetime=\"2026-03-31T15:28:51+00:00\">31 mars 2026<\/time><\/div><\/div><\/div>\n\n<\/li><li class=\"wp-block-post post-978 recette_diy type-recette_diy status-publish hentry category-recettes-diy tag-acne tag-argile-verte tag-diy tag-masque-purifiant tag-tea-tree probleme_cible-acne probleme_cible-points-noirs probleme_cible-pores-dilates type_peau-peau-acneique type_peau-peau-grasse\">\n\n<div class=\"wp-block-group\" style=\"padding-top:30px;padding-right:30px;padding-bottom:30px;padding-left:30px\"><div class=\"wp-block-group__inner-container is-layout-flow wp-block-group-is-layout-flow\"><h2 class=\"wp-block-post-title\"><a href=\"https:\/\/fatoumata.danso.mmi-velizy.fr\/skinrestBackup2\/recette_diy\/recette-diy-masque-argile-verte-tea-tree-anti-boutons\/\" target=\"_self\" >Recette DIY : Masque Argile Verte &#038; Tea Tree anti-boutons<\/a><\/h2>\n\n\n\n<div class=\"wp-block-post-excerpt\"><p class=\"wp-block-post-excerpt__excerpt\">Le masque purificateur pour les peaux \u00e0 imperfections Deux ingr\u00e9dients l\u00e9gendaires de la beaut\u00e9 naturelle, combin\u00e9s pour une action purifiante puissante sans agresser la peau. Ce masque est la r\u00e9ponse simple et efficace aux peaux grasses et sujettes aux imperfections. Ingr\u00e9dients 1 cuill\u00e8re \u00e0 soupe d&rsquo;Argile Verte Surfine MILA 2 \u00e0 3 cuill\u00e8res \u00e0 caf\u00e9&#8230; <\/p><\/div>\n\n<div class=\"wp-block-post-date\"><time datetime=\"2026-03-29T13:11:22+00:00\">29 mars 2026<\/time><\/div><\/div><\/div>\n\n<\/li><li class=\"wp-block-post post-976 recette_diy type-recette_diy status-publish hentry category-recettes-diy tag-diy tag-eclat tag-masque tag-niacinamide tag-teint-terne probleme_cible-eclat probleme_cible-pores-dilates probleme_cible-taches-pigmentaires type_peau-peau-terne type_peau-toutes-peaux\">\n\n<div class=\"wp-block-group\" style=\"padding-top:30px;padding-right:30px;padding-bottom:30px;padding-left:30px\"><div class=\"wp-block-group__inner-container is-layout-flow wp-block-group-is-layout-flow\"><h2 class=\"wp-block-post-title\"><a href=\"https:\/\/fatoumata.danso.mmi-velizy.fr\/skinrestBackup2\/recette_diy\/recette-diy-masque-eclat-mangue-niacinamide\/\" target=\"_self\" >Recette DIY : Masque \u00c9clat Mangue &#038; Niacinamide<\/a><\/h2>\n\n\n\n<div class=\"wp-block-post-excerpt\"><p class=\"wp-block-post-excerpt__excerpt\">Le masque bonne mine qui unifie et illumine Tu as la peau terne, des petites irr\u00e9gularit\u00e9s et tu cherches un soin maison rapide et efficace ? Ce masque combine la papaye enzymatique de la mangue et la puissance r\u00e9gulatrice de la niacinamide pour un r\u00e9sultat \u00e9clat imm\u00e9diat. Ingr\u00e9dients 2 cuill\u00e8res \u00e0 soupe de pur\u00e9e de&#8230; <\/p><\/div>\n\n<div class=\"wp-block-post-date\"><time datetime=\"2026-03-07T10:53:10+00:00\">7 mars 2026<\/time><\/div><\/div><\/div>\n\n<\/li><li class=\"wp-block-post post-979 recette_diy type-recette_diy status-publish hentry category-recettes-diy tag-baume-levres tag-diy tag-karite tag-levres-seches tag-nourrissant probleme_cible-secheresse type_peau-toutes-peaux\">\n\n<div class=\"wp-block-group\" style=\"padding-top:30px;padding-right:30px;padding-bottom:30px;padding-left:30px\"><div class=\"wp-block-group__inner-container is-layout-flow wp-block-group-is-layout-flow\"><h2 class=\"wp-block-post-title\"><a href=\"https:\/\/fatoumata.danso.mmi-velizy.fr\/skinrestBackup2\/recette_diy\/recette-diy-baume-levres-karite-miel\/\" target=\"_self\" >Recette DIY : Baume L\u00e8vres Karit\u00e9 &#038; Miel<\/a><\/h2>\n\n\n\n<div class=\"wp-block-post-excerpt\"><p class=\"wp-block-post-excerpt__excerpt\">Le baume l\u00e8vres nourrissant fait maison en 10 minutes Tes l\u00e8vres sont s\u00e8ches, qui p\u00e8lent ou craquent ? Ce baume ultra-simple \u00e0 base de Beurre de Karit\u00e9 brut MILA est la solution la plus naturelle et la plus efficace. Z\u00e9ro ingr\u00e9dient toxique, 100% nourrissant. Ingr\u00e9dients 1 cuill\u00e8re \u00e0 soupe de Beurre de Karit\u00e9 brut MILA&#8230; <\/p><\/div>\n\n<div class=\"wp-block-post-date\"><time datetime=\"2026-02-03T01:08:48+00:00\">3 f\u00e9vrier 2026<\/time><\/div><\/div><\/div>\n\n<\/li><li class=\"wp-block-post post-977 recette_diy type-recette_diy status-publish hentry category-recettes-diy tag-acide-hyaluronique tag-diy tag-hydratation tag-peau-seche tag-serum probleme_cible-rides-et-ridules probleme_cible-secheresse type_peau-peau-deshydratee type_peau-peau-seche\">\n\n<div class=\"wp-block-group\" style=\"padding-top:30px;padding-right:30px;padding-bottom:30px;padding-left:30px\"><div class=\"wp-block-group__inner-container is-layout-flow wp-block-group-is-layout-flow\"><h2 class=\"wp-block-post-title\"><a href=\"https:\/\/fatoumata.danso.mmi-velizy.fr\/skinrestBackup2\/recette_diy\/recette-diy-serum-aloe-vera-acide-hyaluronique-maison\/\" target=\"_self\" >Recette DIY : S\u00e9rum Aloe Vera &#038; Acide Hyaluronique maison<\/a><\/h2>\n\n\n\n<div class=\"wp-block-post-excerpt\"><p class=\"wp-block-post-excerpt__excerpt\">Le s\u00e9rum hydratant maison ultra-simple Faire son propre s\u00e9rum hydratant n&rsquo;a jamais \u00e9t\u00e9 aussi accessible. Avec seulement deux ingr\u00e9dients cl\u00e9s, tu obtiens un soin qui rivalise avec les formules du commerce \u2014 sans conservateurs inutiles et \u00e0 une fraction du prix. Ingr\u00e9dients 50ml de gel d&rsquo;Aloe Vera bio MILA (base hydratante) 1\/8 de cuill\u00e8re \u00e0&#8230; <\/p><\/div>\n\n<div class=\"wp-block-post-date\"><time datetime=\"2026-01-03T21:15:20+00:00\">3 janvier 2026<\/time><\/div><\/div><\/div>\n\n<\/li><\/ul><\/div>\n<\/div><\/div>\n\n\n\n\n\n<h2 class=\"wp-block-heading\">TTTTTTTTTTTTTTTTTTTTTTTTTTTTTTTTTTTTTTTTTTTTTTTTTTTTTTTTTTTTTTTTTT<\/h2>\n\n","protected":false},"excerpt":{"rendered":"<p>Expert de la skincare R\u00e9v\u00e9lez le meilleur de votre peau. Imperfections, taches pigmentaires ou rides pr\u00e9coces : b\u00e9n\u00e9ficiez de conseils d&rsquo;experts et de solutions personnalis\u00e9es pour chaque besoin de votre \u00e9piderme. ARTICLE HERE Recettes DIY TTTTTTTTTTTTTTTTTTTTTTTTTTTTTTTTTTTTTTTTTTTTTTTTTTTTTTTTTTTTTTTTTT<\/p>\n","protected":false},"author":1,"featured_media":0,"parent":0,"menu_order":0,"comment_status":"closed","ping_status":"closed","template":"","meta":{"_acf_changed":false,"_kadence_starter_templates_imported_post":false,"_kad_post_transparent":"","_kad_post_title":"","_kad_post_layout":"","_kad_post_sidebar_id":"","_kad_post_content_style":"","_kad_post_vertical_padding":"","_kad_post_feature":"","_kad_post_feature_position":"","_kad_post_header":false,"_kad_post_footer":false,"_kad_post_classname":"","footnotes":""},"class_list":["post-1043","page","type-page","status-publish","hentry"],"acf":[],"_links":{"self":[{"href":"https:\/\/fatoumata.danso.mmi-velizy.fr\/skinrestBackup2\/wp-json\/wp\/v2\/pages\/1043","targetHints":{"allow":["GET"]}}],"collection":[{"href":"https:\/\/fatoumata.danso.mmi-velizy.fr\/skinrestBackup2\/wp-json\/wp\/v2\/pages"}],"about":[{"href":"https:\/\/fatoumata.danso.mmi-velizy.fr\/skinrestBackup2\/wp-json\/wp\/v2\/types\/page"}],"author":[{"embeddable":true,"href":"https:\/\/fatoumata.danso.mmi-velizy.fr\/skinrestBackup2\/wp-json\/wp\/v2\/users\/1"}],"replies":[{"embeddable":true,"href":"https:\/\/fatoumata.danso.mmi-velizy.fr\/skinrestBackup2\/wp-json\/wp\/v2\/comments?post=1043"}],"version-history":[{"count":4,"href":"https:\/\/fatoumata.danso.mmi-velizy.fr\/skinrestBackup2\/wp-json\/wp\/v2\/pages\/1043\/revisions"}],"predecessor-version":[{"id":1148,"href":"https:\/\/fatoumata.danso.mmi-velizy.fr\/skinrestBackup2\/wp-json\/wp\/v2\/pages\/1043\/revisions\/1148"}],"wp:attachment":[{"href":"https:\/\/fatoumata.danso.mmi-velizy.fr\/skinrestBackup2\/wp-json\/wp\/v2\/media?parent=1043"}],"curies":[{"name":"wp","href":"https:\/\/api.w.org\/{rel}","templated":true}]}}