{"id":168,"date":"2026-04-23T14:52:03","date_gmt":"2026-04-23T14:52:03","guid":{"rendered":"https:\/\/fatoumata.danso.mmi-velizy.fr\/skinrestBackup2\/?page_id=168"},"modified":"2026-05-10T17:53:46","modified_gmt":"2026-05-10T17:53:46","slug":"contact","status":"publish","type":"page","link":"https:\/\/fatoumata.danso.mmi-velizy.fr\/skinrestBackup2\/contact\/","title":{"rendered":"Contact"},"content":{"rendered":"\t\t<div data-elementor-type=\"wp-page\" data-elementor-id=\"168\" class=\"elementor elementor-168\">\n\t\t\t\t\t\t<section class=\"elementor-section elementor-top-section elementor-element elementor-element-277e3b7b elementor-section-boxed elementor-section-height-default elementor-section-height-default\" data-id=\"277e3b7b\" data-element_type=\"section\" data-e-type=\"section\" data-settings=\"{&quot;background_background&quot;:&quot;classic&quot;}\">\n\t\t\t\t\t\t<div class=\"elementor-container elementor-column-gap-default\">\n\t\t\t\t\t<div class=\"elementor-column elementor-col-100 elementor-top-column elementor-element elementor-element-28015986\" data-id=\"28015986\" data-element_type=\"column\" data-e-type=\"column\">\n\t\t\t<div class=\"elementor-widget-wrap elementor-element-populated\">\n\t\t\t\t\t\t<div class=\"elementor-element elementor-element-772f1461 elementor-widget elementor-widget-heading\" data-id=\"772f1461\" data-element_type=\"widget\" data-e-type=\"widget\" data-widget_type=\"heading.default\">\n\t\t\t\t\t<h2 class=\"elementor-heading-title elementor-size-default\">CONTACTEZ-NOUS<\/h2>\t\t\t\t<\/div>\n\t\t\t\t\t<\/div>\n\t\t<\/div>\n\t\t\t\t\t<\/div>\n\t\t<\/section>\n\t\t<div class=\"elementor-element elementor-element-1eab748 e-con-full e-flex e-con e-parent\" data-id=\"1eab748\" data-element_type=\"container\" data-e-type=\"container\" id=\"container-centre\">\n\t\t<div class=\"elementor-element elementor-element-be033c4 e-flex e-con-boxed e-con e-child\" data-id=\"be033c4\" data-element_type=\"container\" data-e-type=\"container\">\n\t\t\t\t\t<div class=\"e-con-inner\">\n\t\t\t\t<div class=\"elementor-element elementor-element-f78b7b7 elementor-widget elementor-widget-heading\" data-id=\"f78b7b7\" data-element_type=\"widget\" data-e-type=\"widget\" data-widget_type=\"heading.default\">\n\t\t\t\t\t<h2 class=\"elementor-heading-title elementor-size-default\">A votre service<\/h2>\t\t\t\t<\/div>\n\t\t\t\t<div class=\"elementor-element elementor-element-769e6b2 elementor-widget__width-initial mon-accordeon-dynamic elementor-widget elementor-widget-eael-adv-accordion\" data-id=\"769e6b2\" data-element_type=\"widget\" data-e-type=\"widget\" data-widget_type=\"eael-adv-accordion.default\">\n\t\t\t\t\t            <div class=\"eael-adv-accordion\" id=\"eael-adv-accordion-769e6b2\" data-scroll-on-click=\"\" data-scroll-speed=\"300\" data-accordion-id=\"769e6b2\" data-accordion-type=\"accordion\" data-toogle-speed=\"300\">\n            <div class=\"eael-accordion-list\">\n\t\t\t\t\t<div id=\"nous-contactez\" class=\"elementor-tab-title eael-accordion-header\" tabindex=\"0\" data-tab=\"1\" aria-controls=\"elementor-tab-content-1241\"><span class=\"eael-accordion-tab-title\">Nous contactez<\/span><svg aria-hidden=\"true\" class=\"fa-toggle e-font-icon-svg e-fas-angle-down\" viewBox=\"0 0 320 512\" xmlns=\"http:\/\/www.w3.org\/2000\/svg\"><path d=\"M143 352.3L7 216.3c-9.4-9.4-9.4-24.6 0-33.9l22.6-22.6c9.4-9.4 24.6-9.4 33.9 0l96.4 96.4 96.4-96.4c9.4-9.4 24.6-9.4 33.9 0l22.6 22.6c9.4 9.4 9.4 24.6 0 33.9l-136 136c-9.2 9.4-24.4 9.4-33.8 0z\"><\/path><\/svg><\/div><div id=\"elementor-tab-content-1241\" class=\"eael-accordion-content clearfix\" data-tab=\"1\" aria-labelledby=\"nous-contactez\"><p>Lorem ipsum dolor sit amet, consectetur adipisicing elit. Optio, neque qui velit. Magni dolorum quidem ipsam eligendi, totam, facilis laudantium cum accusamus ullam voluptatibus commodi numquam, error, est. Ea, consequatur.<\/p><\/div>\n\t\t\t\t\t<\/div><div class=\"eael-accordion-list\">\n\t\t\t\t\t<div id=\"notre-institut\" class=\"elementor-tab-title eael-accordion-header\" tabindex=\"0\" data-tab=\"2\" aria-controls=\"elementor-tab-content-1242\"><span class=\"eael-accordion-tab-title\">Notre institut<\/span><svg aria-hidden=\"true\" class=\"fa-toggle e-font-icon-svg e-fas-angle-down\" viewBox=\"0 0 320 512\" xmlns=\"http:\/\/www.w3.org\/2000\/svg\"><path d=\"M143 352.3L7 216.3c-9.4-9.4-9.4-24.6 0-33.9l22.6-22.6c9.4-9.4 24.6-9.4 33.9 0l96.4 96.4 96.4-96.4c9.4-9.4 24.6-9.4 33.9 0l22.6 22.6c9.4 9.4 9.4 24.6 0 33.9l-136 136c-9.2 9.4-24.4 9.4-33.8 0z\"><\/path><\/svg><\/div><div id=\"elementor-tab-content-1242\" class=\"eael-accordion-content clearfix\" data-tab=\"2\" aria-labelledby=\"notre-institut\"><p>Lorem ipsum dolor sit amet, consectetur adipisicing elit. Optio, neque qui velit. Magni dolorum quidem ipsam eligendi, totam, facilis laudantium cum accusamus ullam voluptatibus commodi numquam, error, est. Ea, consequatur.<\/p><\/div>\n\t\t\t\t\t<\/div><\/div>\t\t\t\t<\/div>\n\t\t\t\t\t<\/div>\n\t\t\t\t<\/div>\n\t\t<div class=\"elementor-element elementor-element-7833502 e-flex e-con-boxed e-con e-child\" data-id=\"7833502\" data-element_type=\"container\" data-e-type=\"container\">\n\t\t\t\t\t<div class=\"e-con-inner\">\n\t\t\t\t<div data-tooltip-id=\"d8c78c4\" data-tooltip_settings=\"{&quot;type&quot;:&quot;text&quot;,&quot;content&quot;:&quot;&quot;,&quot;minWidth&quot;:{&quot;desktop&quot;:0,&quot;mobile&quot;:0,&quot;tablet&quot;:0},&quot;maxWidth&quot;:{&quot;desktop&quot;:null,&quot;mobile&quot;:null,&quot;tablet&quot;:null},&quot;zindex&quot;:&quot;&quot;,&quot;target&quot;:&quot;&quot;,&quot;anime&quot;:&quot;fade&quot;,&quot;trigger&quot;:&quot;hover&quot;,&quot;side&quot;:&quot;top,bottom&quot;,&quot;arrow&quot;:false,&quot;distance&quot;:6,&quot;duration&quot;:350,&quot;delay&quot;:10,&quot;hideOn&quot;:[],&quot;elemID&quot;:&quot;d8c78c4&quot;,&quot;follow_mouse&quot;:false}\" class=\"elementor-element elementor-element-d8c78c4 image-onglet-1 premium-global-tooltips-yes elementor-widget elementor-widget-image\" data-id=\"d8c78c4\" data-element_type=\"widget\" data-e-type=\"widget\" data-widget_type=\"image.default\">\n\t\t\t\t\t\t<div class=\"premium-gtooltips-temp premium-global-tooltips-wrapper-temp-d8c78c4\" style=\"display: none;\">\n\t\t\t\t\t<div id=\"tooltip_content-d8c78c4\" class=\"premium-global-tooltip-content premium-tooltip-content-wrapper-d8c78c4\">\n\t\t\t\t\t\t\t\t\t\t\t\t\t\t\t<span class=\"premium-tootltip-text\">\n\t\t\t\t\t\t\t\t\tHi, I'm a global tooltip.\t\t\t\t\t\t\t\t\t<\/span>\n\t\t\t\t\t\t\t\t\t\t\t\t\t\t<\/div>\n\t\t\t\t<\/div>\n\t\t\t\t\t\t\t\t\t\t\t\t\t\t\t\t<img fetchpriority=\"high\" decoding=\"async\" width=\"912\" height=\"794\" src=\"https:\/\/fatoumata.danso.mmi-velizy.fr\/skinrestBackup2\/wp-content\/uploads\/2026\/05\/Gemini_Generated_Image_ym5ypzym5ypzym5y-1-1.png\" class=\"attachment-large size-large wp-image-996\" alt=\"Mod\u00e8le tenant un pot de niacinamide en poudre MILA avec peau lumineuse dans une ambiance skincare \u00e9l\u00e9gante et minimaliste.\" srcset=\"https:\/\/fatoumata.danso.mmi-velizy.fr\/skinrestBackup2\/wp-content\/uploads\/2026\/05\/Gemini_Generated_Image_ym5ypzym5ypzym5y-1-1.png 912w, https:\/\/fatoumata.danso.mmi-velizy.fr\/skinrestBackup2\/wp-content\/uploads\/2026\/05\/Gemini_Generated_Image_ym5ypzym5ypzym5y-1-1-800x696.png 800w, https:\/\/fatoumata.danso.mmi-velizy.fr\/skinrestBackup2\/wp-content\/uploads\/2026\/05\/Gemini_Generated_Image_ym5ypzym5ypzym5y-1-1-768x669.png 768w, https:\/\/fatoumata.danso.mmi-velizy.fr\/skinrestBackup2\/wp-content\/uploads\/2026\/05\/Gemini_Generated_Image_ym5ypzym5ypzym5y-1-1-80x70.png 80w, https:\/\/fatoumata.danso.mmi-velizy.fr\/skinrestBackup2\/wp-content\/uploads\/2026\/05\/Gemini_Generated_Image_ym5ypzym5ypzym5y-1-1-300x261.png 300w, https:\/\/fatoumata.danso.mmi-velizy.fr\/skinrestBackup2\/wp-content\/uploads\/2026\/05\/Gemini_Generated_Image_ym5ypzym5ypzym5y-1-1-600x522.png 600w\" sizes=\"(max-width: 912px) 100vw, 912px\" \/>\t\t\t\t\t\t\t\t\t\t\t\t\t\t\t<\/div>\n\t\t\t\t<div class=\"elementor-element elementor-element-291fa6c image-onglet-2 elementor-widget elementor-widget-image\" data-id=\"291fa6c\" data-element_type=\"widget\" data-e-type=\"widget\" data-widget_type=\"image.default\">\n\t\t\t\t\t\t\t\t\t\t\t\t\t\t\t<img decoding=\"async\" width=\"581\" height=\"726\" data-src=\"https:\/\/fatoumata.danso.mmi-velizy.fr\/skinrestBackup2\/wp-content\/uploads\/2026\/05\/ChatGPT-Image-8-mai-2026-18_40_24-1-3.png\" class=\"attachment-large size-large wp-image-843 lazyload\" alt=\"R\u00e9ception \u00e9l\u00e9gante d\u2019un institut MILA avec logo lumineux dans une ambiance sombre et luxueuse. Titre :\" data-srcset=\"https:\/\/fatoumata.danso.mmi-velizy.fr\/skinrestBackup2\/wp-content\/uploads\/2026\/05\/ChatGPT-Image-8-mai-2026-18_40_24-1-3.png 581w, https:\/\/fatoumata.danso.mmi-velizy.fr\/skinrestBackup2\/wp-content\/uploads\/2026\/05\/ChatGPT-Image-8-mai-2026-18_40_24-1-3-64x80.png 64w, https:\/\/fatoumata.danso.mmi-velizy.fr\/skinrestBackup2\/wp-content\/uploads\/2026\/05\/ChatGPT-Image-8-mai-2026-18_40_24-1-3-240x300.png 240w\" data-sizes=\"(max-width: 581px) 100vw, 581px\" src=\"data:image\/svg+xml;base64,PHN2ZyB3aWR0aD0iMSIgaGVpZ2h0PSIxIiB4bWxucz0iaHR0cDovL3d3dy53My5vcmcvMjAwMC9zdmciPjwvc3ZnPg==\" style=\"--smush-placeholder-width: 581px; --smush-placeholder-aspect-ratio: 581\/726;\" \/>\t\t\t\t\t\t\t\t\t\t\t\t\t\t\t<\/div>\n\t\t\t\t\t<\/div>\n\t\t\t\t<\/div>\n\t\t\t\t<\/div>\n\t\t\t\t<\/div>\n\t\t","protected":false},"excerpt":{"rendered":"<p>CONTACTEZ-NOUS A votre service Nous contactez Lorem ipsum dolor sit amet, consectetur adipisicing elit. Optio, neque qui velit. Magni dolorum quidem ipsam eligendi, totam, facilis laudantium cum accusamus ullam voluptatibus commodi numquam, error, est. Ea, consequatur. Notre institut Lorem ipsum dolor sit amet, consectetur adipisicing elit. Optio, neque qui velit. Magni dolorum quidem ipsam eligendi,&#8230;<\/p>\n","protected":false},"author":1,"featured_media":0,"parent":0,"menu_order":0,"comment_status":"closed","ping_status":"closed","template":"","meta":{"_acf_changed":false,"_kadence_starter_templates_imported_post":false,"_kad_post_transparent":"","_kad_post_title":"hide","_kad_post_layout":"fullwidth","_kad_post_sidebar_id":"","_kad_post_content_style":"unboxed","_kad_post_vertical_padding":"hide","_kad_post_feature":"hide","_kad_post_feature_position":"","_kad_post_header":false,"_kad_post_footer":false,"_kad_post_classname":"","footnotes":""},"class_list":["post-168","page","type-page","status-publish","hentry"],"acf":[],"_links":{"self":[{"href":"https:\/\/fatoumata.danso.mmi-velizy.fr\/skinrestBackup2\/wp-json\/wp\/v2\/pages\/168","targetHints":{"allow":["GET"]}}],"collection":[{"href":"https:\/\/fatoumata.danso.mmi-velizy.fr\/skinrestBackup2\/wp-json\/wp\/v2\/pages"}],"about":[{"href":"https:\/\/fatoumata.danso.mmi-velizy.fr\/skinrestBackup2\/wp-json\/wp\/v2\/types\/page"}],"author":[{"embeddable":true,"href":"https:\/\/fatoumata.danso.mmi-velizy.fr\/skinrestBackup2\/wp-json\/wp\/v2\/users\/1"}],"replies":[{"embeddable":true,"href":"https:\/\/fatoumata.danso.mmi-velizy.fr\/skinrestBackup2\/wp-json\/wp\/v2\/comments?post=168"}],"version-history":[{"count":56,"href":"https:\/\/fatoumata.danso.mmi-velizy.fr\/skinrestBackup2\/wp-json\/wp\/v2\/pages\/168\/revisions"}],"predecessor-version":[{"id":999,"href":"https:\/\/fatoumata.danso.mmi-velizy.fr\/skinrestBackup2\/wp-json\/wp\/v2\/pages\/168\/revisions\/999"}],"wp:attachment":[{"href":"https:\/\/fatoumata.danso.mmi-velizy.fr\/skinrestBackup2\/wp-json\/wp\/v2\/media?parent=168"}],"curies":[{"name":"wp","href":"https:\/\/api.w.org\/{rel}","templated":true}]}}