{"id":271,"date":"2026-04-22T11:15:04","date_gmt":"2026-04-22T11:15:04","guid":{"rendered":"https:\/\/fatoumata.danso.mmi-velizy.fr\/skinrestBackup2\/product\/argile-verte-surfine\/"},"modified":"2026-05-13T10:27:29","modified_gmt":"2026-05-13T10:27:29","slug":"argile-verte-surfine","status":"publish","type":"product","link":"https:\/\/fatoumata.danso.mmi-velizy.fr\/skinrestBackup2\/product\/argile-verte-surfine\/","title":{"rendered":"Argile verte surfine"},"content":{"rendered":"<p>L&rsquo;argile verte est la reine des argiles purifiantes. Gr\u00e2ce \u00e0 ses propri\u00e9t\u00e9s absorbantes exceptionnelles, elle capte les impuret\u00e9s, l&rsquo;exc\u00e8s de s\u00e9bum et les toxines pr\u00e9sentes dans la peau. En surfine, sa texture ultra-fine permet une application homog\u00e8ne et un rin\u00e7age facile. Id\u00e9ale pour r\u00e9aliser des masques purifiants, des cataplasmes ou des soins clarifiant maison.<\/p>\n","protected":false},"excerpt":{"rendered":"<p>Argile purifiante et absorbante d&rsquo;exception. Nettoie en profondeur, d\u00e9sincruste les pores et r\u00e9gule l&rsquo;exc\u00e8s de s\u00e9bum. Incontournable pour les masques purifiants maison.<\/p>\n","protected":false},"featured_media":982,"comment_status":"open","ping_status":"closed","template":"","meta":{"_acf_changed":false,"_kadence_starter_templates_imported_post":false,"_kad_post_transparent":"default","_kad_post_title":"","_kad_post_layout":"default","_kad_post_sidebar_id":"","_kad_post_content_style":"default","_kad_post_vertical_padding":"default","_kad_post_feature":"","_kad_post_feature_position":"","_kad_post_header":false,"_kad_post_footer":false,"_kad_post_classname":""},"product_brand":[],"product_cat":[41],"product_tag":[43,42,39],"class_list":{"0":"post-271","1":"product","2":"type-product","3":"status-publish","4":"has-post-thumbnail","6":"product_cat-argiles","7":"product_tag-points-noirs","8":"product_tag-purifiant","9":"product_tag-sebum","11":"first","12":"instock","13":"taxable","14":"shipping-taxable","15":"purchasable","16":"product-type-simple","17":"entry","18":"content-bg","19":"loop-entry"},"acf":[],"_links":{"self":[{"href":"https:\/\/fatoumata.danso.mmi-velizy.fr\/skinrestBackup2\/wp-json\/wp\/v2\/product\/271","targetHints":{"allow":["GET"]}}],"collection":[{"href":"https:\/\/fatoumata.danso.mmi-velizy.fr\/skinrestBackup2\/wp-json\/wp\/v2\/product"}],"about":[{"href":"https:\/\/fatoumata.danso.mmi-velizy.fr\/skinrestBackup2\/wp-json\/wp\/v2\/types\/product"}],"replies":[{"embeddable":true,"href":"https:\/\/fatoumata.danso.mmi-velizy.fr\/skinrestBackup2\/wp-json\/wp\/v2\/comments?post=271"}],"wp:featuredmedia":[{"embeddable":true,"href":"https:\/\/fatoumata.danso.mmi-velizy.fr\/skinrestBackup2\/wp-json\/wp\/v2\/media\/982"}],"wp:attachment":[{"href":"https:\/\/fatoumata.danso.mmi-velizy.fr\/skinrestBackup2\/wp-json\/wp\/v2\/media?parent=271"}],"wp:term":[{"taxonomy":"product_brand","embeddable":true,"href":"https:\/\/fatoumata.danso.mmi-velizy.fr\/skinrestBackup2\/wp-json\/wp\/v2\/product_brand?post=271"},{"taxonomy":"product_cat","embeddable":true,"href":"https:\/\/fatoumata.danso.mmi-velizy.fr\/skinrestBackup2\/wp-json\/wp\/v2\/product_cat?post=271"},{"taxonomy":"product_tag","embeddable":true,"href":"https:\/\/fatoumata.danso.mmi-velizy.fr\/skinrestBackup2\/wp-json\/wp\/v2\/product_tag?post=271"}],"curies":[{"name":"wp","href":"https:\/\/api.w.org\/{rel}","templated":true}]}}