{"id":274,"date":"2026-04-22T11:15:07","date_gmt":"2026-04-22T11:15:07","guid":{"rendered":"https:\/\/fatoumata.danso.mmi-velizy.fr\/skinrestBackup2\/product\/beurre-de-karite-brut\/"},"modified":"2026-05-10T16:00:40","modified_gmt":"2026-05-10T16:00:40","slug":"beurre-de-karite-brut","status":"publish","type":"product","link":"https:\/\/fatoumata.danso.mmi-velizy.fr\/skinrestBackup2\/product\/beurre-de-karite-brut\/","title":{"rendered":"Beurre de karit\u00e9 brut"},"content":{"rendered":"<p>Le beurre de karit\u00e9 brut non raffin\u00e9 est extrait des noix de l&rsquo;arbre karit\u00e9 d&rsquo;Afrique de l&rsquo;Ouest. Sa composition exceptionnellement riche en acides gras (ol\u00e9ique, st\u00e9arique) et en insaponifiables le rend particuli\u00e8rement nourrissant et protecteur. Il r\u00e9pare les peaux tr\u00e8s s\u00e8ches, craquel\u00e9es ou atopiques, prot\u00e8ge du froid et des agressions ext\u00e9rieures. Id\u00e9al en base de baumes, cr\u00e8mes riches et soins corps.<\/p>\n","protected":false},"excerpt":{"rendered":"<p>Beurre nourrissant d&rsquo;exception pour les peaux tr\u00e8s s\u00e8ches. Nourrit, prot\u00e8ge et r\u00e9pare en profondeur. Riche en acides gras et en vitamines A, E et F.<\/p>\n","protected":false},"featured_media":964,"comment_status":"open","ping_status":"closed","template":"","meta":{"_acf_changed":false,"_kadence_starter_templates_imported_post":false,"_kad_post_transparent":"default","_kad_post_title":"","_kad_post_layout":"default","_kad_post_sidebar_id":"","_kad_post_content_style":"default","_kad_post_vertical_padding":"default","_kad_post_feature":"","_kad_post_feature_position":"","_kad_post_header":false,"_kad_post_footer":false,"_kad_post_classname":""},"product_brand":[],"product_cat":[49],"product_tag":[52,50,51],"class_list":{"0":"post-274","1":"product","2":"type-product","3":"status-publish","4":"has-post-thumbnail","6":"product_cat-beurres-et-baumes","7":"product_tag-corps","8":"product_tag-nourrissant","9":"product_tag-reparateur","11":"first","12":"instock","13":"taxable","14":"shipping-taxable","15":"purchasable","16":"product-type-simple","17":"entry","18":"content-bg","19":"loop-entry"},"acf":[],"_links":{"self":[{"href":"https:\/\/fatoumata.danso.mmi-velizy.fr\/skinrestBackup2\/wp-json\/wp\/v2\/product\/274","targetHints":{"allow":["GET"]}}],"collection":[{"href":"https:\/\/fatoumata.danso.mmi-velizy.fr\/skinrestBackup2\/wp-json\/wp\/v2\/product"}],"about":[{"href":"https:\/\/fatoumata.danso.mmi-velizy.fr\/skinrestBackup2\/wp-json\/wp\/v2\/types\/product"}],"replies":[{"embeddable":true,"href":"https:\/\/fatoumata.danso.mmi-velizy.fr\/skinrestBackup2\/wp-json\/wp\/v2\/comments?post=274"}],"wp:featuredmedia":[{"embeddable":true,"href":"https:\/\/fatoumata.danso.mmi-velizy.fr\/skinrestBackup2\/wp-json\/wp\/v2\/media\/964"}],"wp:attachment":[{"href":"https:\/\/fatoumata.danso.mmi-velizy.fr\/skinrestBackup2\/wp-json\/wp\/v2\/media?parent=274"}],"wp:term":[{"taxonomy":"product_brand","embeddable":true,"href":"https:\/\/fatoumata.danso.mmi-velizy.fr\/skinrestBackup2\/wp-json\/wp\/v2\/product_brand?post=274"},{"taxonomy":"product_cat","embeddable":true,"href":"https:\/\/fatoumata.danso.mmi-velizy.fr\/skinrestBackup2\/wp-json\/wp\/v2\/product_cat?post=274"},{"taxonomy":"product_tag","embeddable":true,"href":"https:\/\/fatoumata.danso.mmi-velizy.fr\/skinrestBackup2\/wp-json\/wp\/v2\/product_tag?post=274"}],"curies":[{"name":"wp","href":"https:\/\/api.w.org\/{rel}","templated":true}]}}