{"id":276,"date":"2026-04-22T11:15:09","date_gmt":"2026-04-22T11:15:09","guid":{"rendered":"https:\/\/fatoumata.danso.mmi-velizy.fr\/skinrestBackup2\/product\/bakuchiol-retinol-vegetal\/"},"modified":"2026-05-13T10:18:47","modified_gmt":"2026-05-13T10:18:47","slug":"retinol-vegetal","status":"publish","type":"product","link":"https:\/\/fatoumata.danso.mmi-velizy.fr\/skinrestBackup2\/product\/retinol-vegetal\/","title":{"rendered":"r\u00e9tinol v\u00e9g\u00e9tal"},"content":{"rendered":"<p>Le bakuchiol est extrait des graines et feuilles de la plante Psoralea corylifolia. Des \u00e9tudes cliniques ont d\u00e9montr\u00e9 qu&rsquo;il offre des r\u00e9sultats comparables au r\u00e9tinol sur les rides, la fermet\u00e9 et l&rsquo;uniformit\u00e9 du teint, sans les effets irritants. Il stimule la production de collag\u00e8ne, acc\u00e9l\u00e8re le renouvellement cellulaire et r\u00e9duit les taches pigmentaires. Id\u00e9al pour les peaux matures, enceintes ou sensibles au r\u00e9tinol conventionnel.<\/p>\n","protected":false},"excerpt":{"rendered":"<p>Alternative naturelle au r\u00e9tinol. Lisse les rides, raffermit et unifie le teint sans les irritations du r\u00e9tinol classique. Parfait pour les peaux matures ou sensibles au r\u00e9tinol.<\/p>\n","protected":false},"featured_media":975,"comment_status":"open","ping_status":"closed","template":"","meta":{"_acf_changed":false,"_kadence_starter_templates_imported_post":false,"_kad_post_transparent":"default","_kad_post_title":"","_kad_post_layout":"default","_kad_post_sidebar_id":"","_kad_post_content_style":"default","_kad_post_vertical_padding":"default","_kad_post_feature":"","_kad_post_feature_position":"","_kad_post_header":false,"_kad_post_footer":false,"_kad_post_classname":""},"product_brand":[],"product_cat":[31],"product_tag":[36,57,58],"class_list":{"0":"post-276","1":"product","2":"type-product","3":"status-publish","4":"has-post-thumbnail","6":"product_cat-actifs-purs","7":"product_tag-anti-age","8":"product_tag-fermete","9":"product_tag-naturel","11":"first","12":"instock","13":"taxable","14":"shipping-taxable","15":"purchasable","16":"product-type-simple","17":"entry","18":"content-bg","19":"loop-entry"},"acf":[],"_links":{"self":[{"href":"https:\/\/fatoumata.danso.mmi-velizy.fr\/skinrestBackup2\/wp-json\/wp\/v2\/product\/276","targetHints":{"allow":["GET"]}}],"collection":[{"href":"https:\/\/fatoumata.danso.mmi-velizy.fr\/skinrestBackup2\/wp-json\/wp\/v2\/product"}],"about":[{"href":"https:\/\/fatoumata.danso.mmi-velizy.fr\/skinrestBackup2\/wp-json\/wp\/v2\/types\/product"}],"replies":[{"embeddable":true,"href":"https:\/\/fatoumata.danso.mmi-velizy.fr\/skinrestBackup2\/wp-json\/wp\/v2\/comments?post=276"}],"wp:featuredmedia":[{"embeddable":true,"href":"https:\/\/fatoumata.danso.mmi-velizy.fr\/skinrestBackup2\/wp-json\/wp\/v2\/media\/975"}],"wp:attachment":[{"href":"https:\/\/fatoumata.danso.mmi-velizy.fr\/skinrestBackup2\/wp-json\/wp\/v2\/media?parent=276"}],"wp:term":[{"taxonomy":"product_brand","embeddable":true,"href":"https:\/\/fatoumata.danso.mmi-velizy.fr\/skinrestBackup2\/wp-json\/wp\/v2\/product_brand?post=276"},{"taxonomy":"product_cat","embeddable":true,"href":"https:\/\/fatoumata.danso.mmi-velizy.fr\/skinrestBackup2\/wp-json\/wp\/v2\/product_cat?post=276"},{"taxonomy":"product_tag","embeddable":true,"href":"https:\/\/fatoumata.danso.mmi-velizy.fr\/skinrestBackup2\/wp-json\/wp\/v2\/product_tag?post=276"}],"curies":[{"name":"wp","href":"https:\/\/api.w.org\/{rel}","templated":true}]}}